{"id":659,"date":"2019-11-09T10:38:28","date_gmt":"2019-11-09T13:38:28","guid":{"rendered":"https:\/\/www.pauta.me\/novo\/?page_id=659"},"modified":"2019-11-10T11:23:25","modified_gmt":"2019-11-10T14:23:25","slug":"home","status":"publish","type":"page","link":"https:\/\/www.pauta.me\/novo\/","title":{"rendered":""},"content":{"rendered":"<h1>5 Motivos para utilizar o Pauta.Me<\/h1>\n\t\t\n\t\t<div class=\"wpaas-accordion-wrap wpaas-row-clearfix\">\t\t\n\t\t\t<div id=\"wpaas-accordion-1\" class=\"wpos-tab-slider\">\n\t\t\t\t<div class=\"as-wposslides\">\t\t\t\t\t\t\t\t\n\t\t\t\t\t\t\t\t\t\t\t\n\t\t\t\t\t\t<div class=\"as-wposslide\">\n\t\t\t\t\t\t\t\t\t\t\t\t\t\t\t<img class=\"as-wposbg\" src=\"https:\/\/www.pauta.me\/novo\/wp-content\/uploads\/sites\/3\/234754_Papel-de-Parede-Jardim-de-flores-234754_1280x1024-1024x819.jpg\" alt=\"Sistematizar e agilizar os processos internos\" \/>\t\n\t\t\t\t\t\t\t\t\t\t\t\t\t\t\t\t\t\t\t\t\t\t<div class=\"as-layer as-closed as-black as-padding\">Sistematizar e agilizar os processos internos <\/div>\t\n\t\t\t\t\t\t\t\t\t\n\t\t\t\t\t\t<\/div>\n\t\t\t\t\t\t\t\t\t\t\t\n\t\t\t\t\t\t<div class=\"as-wposslide\">\n\t\t\t\t\t\t\t\t\t\t\t\t\t\t\t<img class=\"as-wposbg\" src=\"https:\/\/www.pauta.me\/novo\/wp-content\/uploads\/sites\/3\/11355217121gn7.jpg\" alt=\"Transpar\u00eancia e organiza\u00e7\u00e3o da comunica\u00e7\u00e3o entre as pessoas\" \/>\t\n\t\t\t\t\t\t\t\t\t\t\t\t\t\t\t\t\t\t\t\t\t\t<div class=\"as-layer as-closed as-black as-padding\">Transpar\u00eancia e organiza\u00e7\u00e3o da comunica\u00e7\u00e3o entre as pessoas <\/div>\t\n\t\t\t\t\t\t\t\t\t\n\t\t\t\t\t\t<\/div>\n\t\t\t\t\t\t\t\t\t\t\t\n\t\t\t\t\t\t<div class=\"as-wposslide\">\n\t\t\t\t\t\t\t\t\t\t\t\t\t\t\t<img class=\"as-wposbg\" src=\"https:\/\/www.pauta.me\/novo\/wp-content\/uploads\/sites\/3\/alquimidia-background-1024x576.png\" alt=\"Visibilidade dos Neg\u00f3cios e Resultados\" \/>\t\n\t\t\t\t\t\t\t\t\t\t\t\t\t\t\t\t\t\t\t\t\t\t<div class=\"as-layer as-closed as-black as-padding\">Visibilidade dos Neg\u00f3cios e Resultados <\/div>\t\n\t\t\t\t\t\t\t\t\t\n\t\t\t\t\t\t<\/div>\n\t\t\t\t\t\t\t\t\t\t\t\n\t\t\t\t\t\t<div class=\"as-wposslide\">\n\t\t\t\t\t\t\t\t\t\t\t\t\t\t\t<img class=\"as-wposbg\" src=\"https:\/\/www.pauta.me\/novo\/wp-content\/uploads\/sites\/3\/alquimidia-background3-1024x576.png\" alt=\"Economizar custo de TI\" \/>\t\n\t\t\t\t\t\t\t\t\t\t\t\t\t\t\t\t\t\t\t\t\t\t<div class=\"as-layer as-closed as-black as-padding\">Economizar custo de TI <\/div>\t\n\t\t\t\t\t\t\t\t\t\n\t\t\t\t\t\t<\/div>\n\t\t\t\t\t\t\t\t\t\t\t\n\t\t\t\t\t\t<div class=\"as-wposslide\">\n\t\t\t\t\t\t\t\t\t\t\t\t\t\t\t<img class=\"as-wposbg\" src=\"https:\/\/www.pauta.me\/novo\/wp-content\/uploads\/sites\/3\/alquimidia-branco-1024x819.png\" alt=\"Reduzir Processos Manuais\" \/>\t\n\t\t\t\t\t\t\t\t\t\t\t\t\t\t\t\t\t\t\t\t\t\t<div class=\"as-layer as-closed as-black as-padding\">Reduzir Processos Manuais <\/div>\t\n\t\t\t\t\t\t\t\t\t\n\t\t\t\t\t\t<\/div>\n\t\t\t\t\t\t\t\t\t\t\n\t\t\t\t<\/div>\n\t\t\t\t<div class=\"wpaas-conf wpaas-hide\">{\"visible_panels\":\"5\",\"width\":\"1032\",\"height\":\"430\",\"orientation\":\"horizontal\",\"panel_distance\":\"0\",\"max_openedaccordion_size\":\"80%\",\"open_panel_on\":\"click\",\"shadow\":\"true\",\"autoplay\":\"false\",\"mouse_wheel\":\"false\"}<\/div><!-- end of-slider-conf -->\t\t\n\t\t\t<\/div><!-- end .msacwl-carousel -->\n\t\t<\/div><!-- end .msacwl-carousel-wrap -->\n\t\n<h3>\n\t\t\t\t\t<b>1<\/b><br \/>Sistematizar e agilizar os  processos internos<br \/>\n\t\t\t\t<\/h3>\n<p>Com todos os departamentos integrados,<br \/>\nos processos <b>seguem um fluxo sistematizado <\/b><br \/>\nreduzindo a margem para erros<br \/>\npotencializando a capacidade de absorver<br \/>\nnovas demandas.\n<\/p>\n<h3>\n\t\t\t\t\t<b>2<\/b><br \/>Transpar\u00eancia e  organiza\u00e7\u00e3o da comunica\u00e7\u00e3o entre as pessoas<br \/>\n\t\t\t\t<\/h3>\n<p>Chega de trocas de centenas de e-mails e<br \/>\nanota\u00e7\u00f5es perdidas em computadores individuais<br \/>\nou at\u00e9 mesmo em pap\u00e9is sobre as mesas!<br \/>\nA pauta de atividades \u00e9 um recurso comum em<br \/>\ntodos os m\u00f3dulos, <b>permitindo uma<br \/>\ncomunica\u00e7\u00e3o fluida atrav\u00e9s de coment\u00e1rios<\/b>.<br \/>\nTudo registrado de forma organizada.\n<\/p>\n<h3>\n\t\t\t\t\t<b>3<\/b><br \/>Visibilidade dos Neg\u00f3cios e Resultados<br \/>\n\t\t\t\t<\/h3>\n<p>Acompanhe tudo atrav\u00e9s de dashboards<br \/>\ne relat\u00f3rios inteligentes, desenvolvidos<br \/>\npara entregar em tempo real o que mais<br \/>\nimporta para a sa\u00fade da empresa:<br \/>\n<b>Os Resultados<\/b>!<\/p>\n<h3>\n\t\t\t\t\t<b>4<\/b><br \/>Economizar custo de TI<br \/>\n\t\t\t\t<\/h3>\n<p>Cuidar da infraestrutura para rodar o sistema<br \/>\nassim como manter tudo funcionando<br \/>\nperfeitamente faz parte do nosso DNA!<br \/>\nN\u00e3o se preocupe com backups, seguran\u00e7a,<br \/>\nprofissionais qualificados em TI,<br \/>\nregulamenta\u00e7\u00f5es de prote\u00e7\u00f5es de dados &#8230;<br \/>\n<b>Joga na nossa e fique tranquilo para<br \/>\nfocar no seu core bussinness<\/b> \ud83d\ude42<br \/>\nLembre-se, estamos nas nuvens!<\/p>\n<h3>\n\t\t\t\t\t<b>5<\/b><br \/>Reduzir Processos  Manuais<br \/>\n\t\t\t\t<\/h3>\n<p>Se n\u00e3o faz sentido para a sua empresa em<br \/>\npleno s\u00e9culo XXI ainda precisar adotar<br \/>\nprocessos manuais mesmo que em planilhas,<br \/>\no Pauta.Me \u00e9 a solu\u00e7\u00e3o ideal para reduzir em<br \/>\nat\u00e9 90% desses processos e ainda assim,<br \/>\nestamos sempre inovando atrav\u00e9s de<br \/>\nmetodologias de desenvolvimento modernas<br \/>\ne colaborativas.<br \/>\nN\u00e3o \u00e9 a toa que nossa empresa se chama<br \/>\nAlquimidia, <b>assim como os alquimistas,<br \/>\nestamos sempre transformando<\/b>.<\/p>\n<p>\t\t<iframe loading=\"lazy\" title=\"Pauta.Me\/APRESENTA\u00c7\u00c3O\" width=\"640\" height=\"360\" src=\"https:\/\/www.youtube.com\/embed\/0rIPd-RLIWs?feature=oembed\" frameborder=\"0\" allow=\"accelerometer; autoplay; encrypted-media; gyroscope; picture-in-picture\" allowfullscreen><\/iframe>\t\t<\/p>\n<h2>O Pauta.Me integra o fluxo de trabalho da sua ag\u00eancia com solu\u00e7\u00f5es do atendimento ao faturamento.<\/h2>\n<p>\t\t\t<a href=\"#\" role=\"button\"><br \/>\n\t\t\t\t\t\tSaiba mais<br \/>\n\t\t\t\t\t<\/a><\/p>\n<h1>Veja algumas das empresas que utilizam a nossa tecnologia<\/h1>\n<p>\t\t\t\t\t\t\t\t\t\t<img decoding=\"async\" loading=\"lazy\" width=\"150\" height=\"150\" src=\"https:\/\/www.pauta.me\/novo\/wp-content\/uploads\/sites\/3\/clientes_arena-150x150.png\" alt=\"\" srcset=\"https:\/\/www.pauta.me\/novo\/wp-content\/uploads\/sites\/3\/clientes_arena-150x150.png 150w, https:\/\/www.pauta.me\/novo\/wp-content\/uploads\/sites\/3\/clientes_arena.png 183w\" sizes=\"(max-width: 150px) 100vw, 150px\" \/><br \/>\n\t\t\t\t\t\t\t\t\t\t<img decoding=\"async\" loading=\"lazy\" width=\"150\" height=\"150\" src=\"https:\/\/www.pauta.me\/novo\/wp-content\/uploads\/sites\/3\/clientes_docsync-150x150.png\" alt=\"\" srcset=\"https:\/\/www.pauta.me\/novo\/wp-content\/uploads\/sites\/3\/clientes_docsync-150x150.png 150w, https:\/\/www.pauta.me\/novo\/wp-content\/uploads\/sites\/3\/clientes_docsync.png 183w\" sizes=\"(max-width: 150px) 100vw, 150px\" \/><br \/>\n\t\t\t\t\t\t\t\t\t\t<img decoding=\"async\" loading=\"lazy\" width=\"150\" height=\"150\" src=\"https:\/\/www.pauta.me\/novo\/wp-content\/uploads\/sites\/3\/clientes_genius-150x150.png\" alt=\"\" srcset=\"https:\/\/www.pauta.me\/novo\/wp-content\/uploads\/sites\/3\/clientes_genius-150x150.png 150w, https:\/\/www.pauta.me\/novo\/wp-content\/uploads\/sites\/3\/clientes_genius.png 183w\" sizes=\"(max-width: 150px) 100vw, 150px\" \/><br \/>\n\t\t\t\t\t\t\t\t\t\t<img decoding=\"async\" loading=\"lazy\" width=\"150\" height=\"150\" src=\"https:\/\/www.pauta.me\/novo\/wp-content\/uploads\/sites\/3\/clientes_pontodesign-150x150.png\" alt=\"\" srcset=\"https:\/\/www.pauta.me\/novo\/wp-content\/uploads\/sites\/3\/clientes_pontodesign-150x150.png 150w, https:\/\/www.pauta.me\/novo\/wp-content\/uploads\/sites\/3\/clientes_pontodesign.png 183w\" sizes=\"(max-width: 150px) 100vw, 150px\" \/><br \/>\n\t\t\t\t\t\t\t\t\t\t<img decoding=\"async\" loading=\"lazy\" width=\"150\" height=\"150\" src=\"https:\/\/www.pauta.me\/novo\/wp-content\/uploads\/sites\/3\/clientes_promova-150x150.png\" alt=\"\" srcset=\"https:\/\/www.pauta.me\/novo\/wp-content\/uploads\/sites\/3\/clientes_promova-150x150.png 150w, https:\/\/www.pauta.me\/novo\/wp-content\/uploads\/sites\/3\/clientes_promova.png 183w\" sizes=\"(max-width: 150px) 100vw, 150px\" \/><br \/>\n\t\t\t\t\t\t\t\t\t\t<img decoding=\"async\" loading=\"lazy\" width=\"150\" height=\"150\" src=\"https:\/\/www.pauta.me\/novo\/wp-content\/uploads\/sites\/3\/clientes_voice-150x150.png\" alt=\"\" srcset=\"https:\/\/www.pauta.me\/novo\/wp-content\/uploads\/sites\/3\/clientes_voice-150x150.png 150w, https:\/\/www.pauta.me\/novo\/wp-content\/uploads\/sites\/3\/clientes_voice.png 183w\" sizes=\"(max-width: 150px) 100vw, 150px\" \/>\t\t\t\t\t\t\t\t\t\t\t<\/p>\n<section id=\"plataforma\" style=\"padding-top:30px\">\n<h2>A Plataforma<\/h2>\n<p>O Pauta.Me \u00e9 um software ERP totalmente ajust\u00e1vel e intuitivo, desenvolvido para otimizar o fluxo de trabalho e administrar as informa\u00e7\u00f5es envolvidas em toda a cadeia produtiva de uma ag\u00eancia de comunica\u00e7\u00e3o. <\/p>\n<p>Possui recursos que atendem a rotina dos departamentos de atendimento, cria\u00e7\u00e3o, m\u00eddia, produ\u00e7\u00e3o e financeiro. <\/p>\n<p>O acesso a plataforma pode ser feito de qualquer dispositivo conectado \u00e0 Internet e integra os processos de todas as \u00e1reas da sua empresa proporcionando agilidade e din\u00e2mica no trabalho do dia a dia.<\/p>\n<\/section>\n<h1>M\u00f3dulos que fazem parte da nossa solu\u00e7\u00e3o<\/h1>\n<figure><a href=\"https:\/\/www.pauta.me\/novo\/modulo-negocios\"><img decoding=\"async\" loading=\"lazy\" width=\"80\" height=\"80\" src=\"https:\/\/www.pauta.me\/novo\/wp-content\/uploads\/sites\/3\/negocios.png\" alt=\"\" \/><\/a><\/figure>\n<h2><a href=\"https:\/\/www.pauta.me\/novo\/modulo-negocios\">Neg\u00f3cios<\/a><\/h2>\n<p>Possui ferramentas para o departamento comercial e de atendimento da sua empresa. Utilize o conceito do funil de vendas para monitorar as oportunidades e gerencie os neg\u00f3cios da empresa com a solu\u00e7\u00e3o integrada aos m\u00f3dulos de projetos e financeiro.<\/p>\n<figure><a href=\"https:\/\/www.pauta.me\/novo\/modulo-projetos\"><img decoding=\"async\" loading=\"lazy\" width=\"80\" height=\"80\" src=\"https:\/\/www.pauta.me\/novo\/wp-content\/uploads\/sites\/3\/projetos.png\" alt=\"\" \/><\/a><\/figure>\n<h2><a href=\"https:\/\/www.pauta.me\/novo\/modulo-projetos\">Projetos<\/a><\/h2>\n<p>Solu\u00e7\u00e3o com ferramentas para gest\u00e3o da Pauta de atividades dos seus colaboradores, com relat\u00f3rios de produtividade que podem ser usados na cria\u00e7\u00e3o de novas formas de remunera\u00e7\u00e3o<\/p>\n<figure><a href=\"https:\/\/www.pauta.me\/novo\/modulo-midia\"><img decoding=\"async\" loading=\"lazy\" width=\"80\" height=\"80\" src=\"https:\/\/www.pauta.me\/novo\/wp-content\/uploads\/sites\/3\/midia.png\" alt=\"\" \/><\/a><\/figure>\n<h2><a href=\"https:\/\/www.pauta.me\/novo\/modulo-midia\">M\u00eddia On\/Off<\/a><\/h2>\n<p>Solu\u00e7\u00e3o integrada ao m\u00f3dulo financeiro e que permite gerenciamento completo dos planos de m\u00eddias e pedidos de inser\u00e7\u00e3o. Possui relat\u00f3rios que permitem acompanhar os resultados e ferramentas para manter organizado os cadastros de representantes, ve\u00edculos e an\u00fancios de todos tipos de m\u00eddia.<\/p>\n<figure><a href=\"https:\/\/www.pauta.me\/novo\/modulo-producao\"><img decoding=\"async\" loading=\"lazy\" width=\"80\" height=\"80\" src=\"https:\/\/www.pauta.me\/novo\/wp-content\/uploads\/sites\/3\/producao.png\" alt=\"\" \/><\/a><\/figure>\n<h2><a href=\"https:\/\/www.pauta.me\/novo\/modulo-producao\">Produ\u00e7\u00e3o<\/a><\/h2>\n<p>Utilizado para o cadastro de cota\u00e7\u00f5es e or\u00e7amentos com prestadores de servi\u00e7os terceirizados. As ordens de compras enviadas para faturamento seguem para o departamento financeiro para que sejam devidamente processadas.<\/p>\n<figure><a href=\"https:\/\/www.pauta.me\/novo\/modulo-financeiro\"><img decoding=\"async\" loading=\"lazy\" width=\"80\" height=\"80\" src=\"https:\/\/www.pauta.me\/novo\/wp-content\/uploads\/sites\/3\/financeiro.png\" alt=\"\" \/><\/a><\/figure>\n<h2><a href=\"https:\/\/www.pauta.me\/novo\/modulo-financeiro\">Financeiro<\/a><\/h2>\n<p>Com recursos conectados aos demais m\u00f3dulos do Pauta.Me o departamento financeiro da sua empresa ir\u00e1 ganhar mais agilidade nos processos de faturamento. Al\u00e9m disso a emiss\u00e3o de boletos e notas fiscais \u00e9 realizada com poucos cliques sem precisar sair do sistema.<\/p>\n<figure><a href=\"https:\/\/www.pauta.me\/novo\/modulo-painel-cliente\"><img decoding=\"async\" loading=\"lazy\" width=\"80\" height=\"80\" src=\"https:\/\/www.pauta.me\/novo\/wp-content\/uploads\/sites\/3\/cliente.png\" alt=\"\" \/><\/a><\/figure>\n<h2><a href=\"https:\/\/www.pauta.me\/novo\/modulo-painel-cliente\">Painel do Cliente<\/a><\/h2>\n<p>O m\u00f3dulo Painel do Cliente \u00e9 um ambiente de comunica\u00e7\u00e3o direta com o cliente da sua empresa, que pode demandar tarefas, aprovar pe\u00e7as e acompanhar a produtividade da empresa.<\/p>\n<h2>\u00daltimas Novidades<\/h2>\n","protected":false},"excerpt":{"rendered":"<p>5 Motivos para utilizar o Pauta.Me 1Sistematizar e agilizar os processos internos Com todos os departamentos integrados, os processos seguem um fluxo sistematizado reduzindo a margem para erros potencializando a capacidade de absorver novas demandas. 2Transpar\u00eancia e organiza\u00e7\u00e3o da comunica\u00e7\u00e3o entre as pessoas Chega de trocas de centenas de e-mails e anota\u00e7\u00f5es perdidas em computadores [&hellip;]<\/p>\n","protected":false},"author":1,"featured_media":0,"parent":0,"menu_order":0,"comment_status":"closed","ping_status":"closed","template":"elementor_header_footer","meta":[],"_links":{"self":[{"href":"https:\/\/www.pauta.me\/novo\/wp-json\/wp\/v2\/pages\/659"}],"collection":[{"href":"https:\/\/www.pauta.me\/novo\/wp-json\/wp\/v2\/pages"}],"about":[{"href":"https:\/\/www.pauta.me\/novo\/wp-json\/wp\/v2\/types\/page"}],"author":[{"embeddable":true,"href":"https:\/\/www.pauta.me\/novo\/wp-json\/wp\/v2\/users\/1"}],"replies":[{"embeddable":true,"href":"https:\/\/www.pauta.me\/novo\/wp-json\/wp\/v2\/comments?post=659"}],"version-history":[{"count":56,"href":"https:\/\/www.pauta.me\/novo\/wp-json\/wp\/v2\/pages\/659\/revisions"}],"predecessor-version":[{"id":858,"href":"https:\/\/www.pauta.me\/novo\/wp-json\/wp\/v2\/pages\/659\/revisions\/858"}],"wp:attachment":[{"href":"https:\/\/www.pauta.me\/novo\/wp-json\/wp\/v2\/media?parent=659"}],"curies":[{"name":"wp","href":"https:\/\/api.w.org\/{rel}","templated":true}]}}