{"id":831,"date":"2019-11-10T09:40:03","date_gmt":"2019-11-10T12:40:03","guid":{"rendered":"https:\/\/www.pauta.me\/novo\/?page_id=831"},"modified":"2019-11-26T16:54:28","modified_gmt":"2019-11-26T19:54:28","slug":"modulo-projetos","status":"publish","type":"page","link":"https:\/\/www.pauta.me\/novo\/modulo-projetos\/","title":{"rendered":"M\u00f3dulo: Projetos"},"content":{"rendered":"<figure><img decoding=\"async\" loading=\"lazy\" width=\"110\" height=\"110\" src=\"https:\/\/www.pauta.me\/novo\/wp-content\/uploads\/sites\/3\/projetos_icone.png\" alt=\"\" \/><\/figure>\n<h1>M\u00d3DULO PROJETOS<\/h1>\n<p>Gest\u00e3o completa de todas as demandas da ag\u00eancia.<\/p>\n<h6>No Pauta.Me as campanhas s\u00e3o tratadas como Projetos da empresa, com ferramentas como follow up, automa\u00e7\u00e3o de fluxos, integra\u00e7\u00e3o de departamentos e timesheet, um recurso de controle de horas trabalhadas.<\/h6>\n<h1>Ideal para operadores<\/h1>\n<ul>\n<li>\n<h2>Tr\u00e1fego<\/h2>\n<\/li>\n<li>\n<h2>Atendimento<\/h2>\n<\/li>\n<li>\n<h2>Diretores (arte, cria\u00e7\u00e3o &#8230;)<\/h2>\n<\/li>\n<li>\n<h2>Cria\u00e7\u00e3o (designer, redatores &#8230;)<\/h2>\n<\/li>\n<li>\n<h2>Desenvolvimento (programadores, analistas &#8230;)<\/h2>\n<\/li>\n<li style=\"list-style-type: none;\">\u00a0<\/li>\n<\/ul>\n<h1>Principais Recursos:<\/h1>\n<figure><img decoding=\"async\" loading=\"lazy\" width=\"1417\" height=\"658\" src=\"https:\/\/www.pauta.me\/novo\/wp-content\/uploads\/sites\/3\/projetos_pauta.jpg\" alt=\"\" srcset=\"https:\/\/www.pauta.me\/novo\/wp-content\/uploads\/sites\/3\/projetos_pauta.jpg 1417w, https:\/\/www.pauta.me\/novo\/wp-content\/uploads\/sites\/3\/projetos_pauta-300x139.jpg 300w, https:\/\/www.pauta.me\/novo\/wp-content\/uploads\/sites\/3\/projetos_pauta-768x357.jpg 768w, https:\/\/www.pauta.me\/novo\/wp-content\/uploads\/sites\/3\/projetos_pauta-1024x476.jpg 1024w\" sizes=\"(max-width: 1417px) 100vw, 1417px\" \/><\/figure>\n<h1>Gest\u00e3o de Pauta<\/h1>\n<p>Todas as atividades em andamento na empresa est\u00e3o na<br \/>\npauta dos operadores, \u00e9 um recurso<br \/>fundamental do Pauta.Me e est\u00e1 presente em todos os m\u00f3dulos.<\/p>\n<figure><img decoding=\"async\" loading=\"lazy\" width=\"1614\" height=\"827\" src=\"https:\/\/www.pauta.me\/novo\/wp-content\/uploads\/sites\/3\/modulo-projetos-pecas-comentarios.png\" alt=\"\" srcset=\"https:\/\/www.pauta.me\/novo\/wp-content\/uploads\/sites\/3\/modulo-projetos-pecas-comentarios.png 1614w, https:\/\/www.pauta.me\/novo\/wp-content\/uploads\/sites\/3\/modulo-projetos-pecas-comentarios-300x154.png 300w, https:\/\/www.pauta.me\/novo\/wp-content\/uploads\/sites\/3\/modulo-projetos-pecas-comentarios-768x394.png 768w, https:\/\/www.pauta.me\/novo\/wp-content\/uploads\/sites\/3\/modulo-projetos-pecas-comentarios-1024x525.png 1024w\" sizes=\"(max-width: 1614px) 100vw, 1614px\" \/><\/figure>\n<h1>Coment\u00e1rios em Atividades<\/h1>\n<p>Concentre toda a comunica\u00e7\u00e3o da sua equipe nos coment\u00e1rios<br \/>\nem tarefas que o Pauta.Me se encarra de enviar os e-mails.<\/p>\n<figure><img decoding=\"async\" src=\"https:\/\/www.pauta.me\/novo\/wp-content\/uploads\/sites\/3\/modulo-projetos-aprovacao-pecas-1.png\" title=\"modulo-projetos-aprovacao-pecas\" alt=\"modulo-projetos-aprovacao-pecas\" \/><\/figure>\n<h1>Aprova\u00e7\u00e3o Interna de Pe\u00e7as<\/h1>\n<p>Diretores de artes por<br \/>\nexemplo, podem definir as<br \/>\npe\u00e7as aprovadas ou<br \/>\nreprovadas.<\/p>\n<figure><img decoding=\"async\" src=\"https:\/\/www.pauta.me\/novo\/wp-content\/uploads\/sites\/3\/timesheet_cuco.png\" title=\"timesheet_cuco\" alt=\"timesheet_cuco\" \/><\/figure>\n<h1>Timesheet<\/h1>\n<p>Recurso para os operadores<br \/>\ncontabilizarem suas horas<br \/>\ntrabalhadas, via controle de<br \/>\nplay\/stop ou apontamento de<br \/>\nhoras.<\/p>\n<figure><img decoding=\"async\" loading=\"lazy\" width=\"325\" height=\"147\" src=\"https:\/\/www.pauta.me\/novo\/wp-content\/uploads\/sites\/3\/modulo-projetos-repositorios-1.png\" alt=\"\" srcset=\"https:\/\/www.pauta.me\/novo\/wp-content\/uploads\/sites\/3\/modulo-projetos-repositorios-1.png 325w, https:\/\/www.pauta.me\/novo\/wp-content\/uploads\/sites\/3\/modulo-projetos-repositorios-1-300x136.png 300w\" sizes=\"(max-width: 325px) 100vw, 325px\" \/><\/figure>\n<h1>Armazenamento de Pe\u00e7as<\/h1>\n<p>Integra o Pauta.Me ao Google<br \/>\nDrive, Dropbox, OneDrive ou at\u00e9<br \/>\nmesmo seu servidor interno<br \/>\natrav\u00e9s de uma conex\u00e3o de<br \/>\nFTPS.<\/p>\n<figure><img decoding=\"async\" loading=\"lazy\" width=\"450\" height=\"300\" src=\"https:\/\/www.pauta.me\/novo\/wp-content\/uploads\/sites\/3\/modulo-projetos-fluxos.png\" alt=\"\" srcset=\"https:\/\/www.pauta.me\/novo\/wp-content\/uploads\/sites\/3\/modulo-projetos-fluxos.png 450w, https:\/\/www.pauta.me\/novo\/wp-content\/uploads\/sites\/3\/modulo-projetos-fluxos-300x200.png 300w\" sizes=\"(max-width: 450px) 100vw, 450px\" \/><\/figure>\n<h1>Fluxos Automatizados<\/h1>\n<p>Facilite a cria\u00e7\u00e3o de atividades<br \/>\npara os operadores atrav\u00e9s da<br \/>\ncria\u00e7\u00e3o de fluxos<br \/>\nautomatizados, os gatilhos<br \/>\ns\u00e3o os status das atividades.<\/p>\n<figure><img decoding=\"async\" loading=\"lazy\" width=\"1044\" height=\"768\" src=\"https:\/\/www.pauta.me\/novo\/wp-content\/uploads\/sites\/3\/modulo-projetos-planejamento-1.png\" alt=\"\" srcset=\"https:\/\/www.pauta.me\/novo\/wp-content\/uploads\/sites\/3\/modulo-projetos-planejamento-1.png 1044w, https:\/\/www.pauta.me\/novo\/wp-content\/uploads\/sites\/3\/modulo-projetos-planejamento-1-300x221.png 300w, https:\/\/www.pauta.me\/novo\/wp-content\/uploads\/sites\/3\/modulo-projetos-planejamento-1-768x565.png 768w, https:\/\/www.pauta.me\/novo\/wp-content\/uploads\/sites\/3\/modulo-projetos-planejamento-1-1024x753.png 1024w\" sizes=\"(max-width: 1044px) 100vw, 1044px\" \/><\/figure>\n<h1>Planejamento de Projetos<\/h1>\n<p>Planeje suas campanhas como projetos a serem executados. <\/p>\n<h1>Integra\u00e7\u00f5es<\/h1>\n<ul>\n<li>\n<h2>Todos os m\u00f3dulos do sistema:\u00a0Todos os m\u00f3dulos do sistema: o recurso da pauta (ferramenta que lista todas as atividades em andamento) est\u00e1 dispon\u00edvel em todos os m\u00f3dulos do sistema, tanto para visualiza\u00e7\u00e3o da pauta como para criar novas atividades.<\/h2>\n<\/li>\n<li>\n<h2>Google Drive, OneDrive, Dropbox ou conex\u00e3o com servidor via FTPS: \u00c9 poss\u00edvel plugar a sua nuvem no Pauta.Me para o armazenamento de pe\u00e7as e documentos, dessa forma, voc\u00ea tem total autonomia em escolher a plataforma que deseja hospedar os seus arquivos.<\/h2>\n<\/li>\n<li>\n<h2>Softwares de BI (Bussiness Inteligence): \u00c9 poss\u00edvel plugar os dados desse m\u00f3dulo em um software de BI como Google Studio, Qlikview entre outros e contar com os recursos que esses softwares oferecem na gest\u00e3o dos dados.<\/h2>\n<\/li>\n<\/ul>\n<ul>\n<li style=\"list-style-type: none;\">\u00a0<\/li>\n<\/ul>\n<h1>Screenshots:<\/h1>\n<p>\t\t\t\t\t\t\t\t\t\t<img decoding=\"async\" loading=\"lazy\" width=\"994\" height=\"618\" src=\"https:\/\/www.pauta.me\/novo\/wp-content\/uploads\/sites\/3\/modulo-projetos-painel-3.png\" alt=\"\" srcset=\"https:\/\/www.pauta.me\/novo\/wp-content\/uploads\/sites\/3\/modulo-projetos-painel-3.png 994w, https:\/\/www.pauta.me\/novo\/wp-content\/uploads\/sites\/3\/modulo-projetos-painel-3-300x187.png 300w, https:\/\/www.pauta.me\/novo\/wp-content\/uploads\/sites\/3\/modulo-projetos-painel-3-768x477.png 768w\" sizes=\"(max-width: 994px) 100vw, 994px\" \/>\t\t\t\t\t\t\t\t\t\t\t<\/p>\n<figure class='gallery-item'>\n\t\t\t\t<a data-elementor-open-lightbox=\"yes\" data-elementor-lightbox-slideshow=\"37f1870\" href='https:\/\/www.pauta.me\/novo\/wp-content\/uploads\/sites\/3\/projetos-agenda.png'><img decoding=\"async\" loading=\"lazy\" width=\"150\" height=\"150\" src=\"https:\/\/www.pauta.me\/novo\/wp-content\/uploads\/sites\/3\/projetos-agenda-150x150.png\" alt=\"\" aria-describedby=\"gallery-3-836\" \/><\/a><figcaption class='wp-caption-text gallery-caption' id='gallery-3-836'>\n\t\t\t\tVis\u00e3o da pauta em agenda<br \/>\n\t\t\t\t<\/figcaption><\/figure>\n<figure class='gallery-item'>\n\t\t\t\t<a data-elementor-open-lightbox=\"yes\" data-elementor-lightbox-slideshow=\"37f1870\" href='https:\/\/www.pauta.me\/novo\/wp-content\/uploads\/sites\/3\/projetos-config-status.png'><img decoding=\"async\" loading=\"lazy\" width=\"150\" height=\"150\" src=\"https:\/\/www.pauta.me\/novo\/wp-content\/uploads\/sites\/3\/projetos-config-status-150x150.png\" alt=\"\" aria-describedby=\"gallery-3-837\" \/><\/a><figcaption class='wp-caption-text gallery-caption' id='gallery-3-837'>\n\t\t\t\tConfigurar Status de Atividades<br \/>\n\t\t\t\t<\/figcaption><\/figure>\n<figure class='gallery-item'>\n\t\t\t\t<a data-elementor-open-lightbox=\"yes\" data-elementor-lightbox-slideshow=\"37f1870\" href='https:\/\/www.pauta.me\/novo\/wp-content\/uploads\/sites\/3\/projetos-editar-timesheet.png'><img decoding=\"async\" loading=\"lazy\" width=\"150\" height=\"150\" src=\"https:\/\/www.pauta.me\/novo\/wp-content\/uploads\/sites\/3\/projetos-editar-timesheet-150x150.png\" alt=\"\" aria-describedby=\"gallery-3-838\" \/><\/a><figcaption class='wp-caption-text gallery-caption' id='gallery-3-838'>\n\t\t\t\tEditar timesheet<br \/>\n\t\t\t\t<\/figcaption><\/figure>\n<figure class='gallery-item'>\n\t\t\t\t<a data-elementor-open-lightbox=\"yes\" data-elementor-lightbox-slideshow=\"37f1870\" href='https:\/\/www.pauta.me\/novo\/wp-content\/uploads\/sites\/3\/projetos-fluxo-edit.png'><img decoding=\"async\" loading=\"lazy\" width=\"150\" height=\"150\" src=\"https:\/\/www.pauta.me\/novo\/wp-content\/uploads\/sites\/3\/projetos-fluxo-edit-150x150.png\" alt=\"\" aria-describedby=\"gallery-3-839\" \/><\/a><figcaption class='wp-caption-text gallery-caption' id='gallery-3-839'>\n\t\t\t\tConfigurar fluxo<br \/>\n\t\t\t\t<\/figcaption><\/figure>\n<figure class='gallery-item'>\n\t\t\t\t<a data-elementor-open-lightbox=\"yes\" data-elementor-lightbox-slideshow=\"37f1870\" href='https:\/\/www.pauta.me\/novo\/wp-content\/uploads\/sites\/3\/projetos-followup.png'><img decoding=\"async\" loading=\"lazy\" width=\"150\" height=\"150\" src=\"https:\/\/www.pauta.me\/novo\/wp-content\/uploads\/sites\/3\/projetos-followup-150x150.png\" alt=\"\" aria-describedby=\"gallery-3-840\" \/><\/a><figcaption class='wp-caption-text gallery-caption' id='gallery-3-840'>\n\t\t\t\tFollow-up<br \/>\n\t\t\t\t<\/figcaption><\/figure>\n<figure class='gallery-item'>\n\t\t\t\t<a data-elementor-open-lightbox=\"yes\" data-elementor-lightbox-slideshow=\"37f1870\" href='https:\/\/www.pauta.me\/novo\/wp-content\/uploads\/sites\/3\/projetos-minhapauta.png'><img decoding=\"async\" loading=\"lazy\" width=\"150\" height=\"150\" src=\"https:\/\/www.pauta.me\/novo\/wp-content\/uploads\/sites\/3\/projetos-minhapauta-150x150.png\" alt=\"\" aria-describedby=\"gallery-3-841\" \/><\/a><figcaption class='wp-caption-text gallery-caption' id='gallery-3-841'>\n\t\t\t\tVis\u00e3o da minha pauta<br \/>\n\t\t\t\t<\/figcaption><\/figure>\n<figure class='gallery-item'>\n\t\t\t\t<a data-elementor-open-lightbox=\"yes\" data-elementor-lightbox-slideshow=\"37f1870\" href='https:\/\/www.pauta.me\/novo\/wp-content\/uploads\/sites\/3\/projetos-ordens-servicos.png'><img decoding=\"async\" loading=\"lazy\" width=\"150\" height=\"150\" src=\"https:\/\/www.pauta.me\/novo\/wp-content\/uploads\/sites\/3\/projetos-ordens-servicos-150x150.png\" alt=\"\" aria-describedby=\"gallery-3-842\" \/><\/a><figcaption class='wp-caption-text gallery-caption' id='gallery-3-842'>\n\t\t\t\tLista de ordens de servi\u00e7os<br \/>\n\t\t\t\t<\/figcaption><\/figure>\n<figure class='gallery-item'>\n\t\t\t\t<a data-elementor-open-lightbox=\"yes\" data-elementor-lightbox-slideshow=\"37f1870\" href='https:\/\/www.pauta.me\/novo\/wp-content\/uploads\/sites\/3\/projetos-os.png'><img decoding=\"async\" loading=\"lazy\" width=\"150\" height=\"150\" src=\"https:\/\/www.pauta.me\/novo\/wp-content\/uploads\/sites\/3\/projetos-os-150x150.png\" alt=\"\" aria-describedby=\"gallery-3-843\" \/><\/a><figcaption class='wp-caption-text gallery-caption' id='gallery-3-843'>\n\t\t\t\tVis\u00e3o da Ordem de Servi\u00e7o<br \/>\n\t\t\t\t<\/figcaption><\/figure>\n<figure class='gallery-item'>\n\t\t\t\t<a data-elementor-open-lightbox=\"yes\" data-elementor-lightbox-slideshow=\"37f1870\" href='https:\/\/www.pauta.me\/novo\/wp-content\/uploads\/sites\/3\/projetos-pauta-filtro.png'><img decoding=\"async\" loading=\"lazy\" width=\"150\" height=\"150\" src=\"https:\/\/www.pauta.me\/novo\/wp-content\/uploads\/sites\/3\/projetos-pauta-filtro-150x150.png\" alt=\"\" aria-describedby=\"gallery-3-844\" \/><\/a><figcaption class='wp-caption-text gallery-caption' id='gallery-3-844'>\n\t\t\t\tFiltro de pesquisa na pauta<br \/>\n\t\t\t\t<\/figcaption><\/figure>\n<figure class='gallery-item'>\n\t\t\t\t<a data-elementor-open-lightbox=\"yes\" data-elementor-lightbox-slideshow=\"37f1870\" href='https:\/\/www.pauta.me\/novo\/wp-content\/uploads\/sites\/3\/projetos-planejar.png'><img decoding=\"async\" loading=\"lazy\" width=\"150\" height=\"150\" src=\"https:\/\/www.pauta.me\/novo\/wp-content\/uploads\/sites\/3\/projetos-planejar-150x150.png\" alt=\"\" aria-describedby=\"gallery-3-845\" \/><\/a><figcaption class='wp-caption-text gallery-caption' id='gallery-3-845'>\n\t\t\t\tPlanejamento de atividades<br \/>\n\t\t\t\t<\/figcaption><\/figure>\n<figure class='gallery-item'>\n\t\t\t\t<a data-elementor-open-lightbox=\"yes\" data-elementor-lightbox-slideshow=\"37f1870\" href='https:\/\/www.pauta.me\/novo\/wp-content\/uploads\/sites\/3\/projetos-relaotrios.png'><img decoding=\"async\" loading=\"lazy\" width=\"150\" height=\"150\" src=\"https:\/\/www.pauta.me\/novo\/wp-content\/uploads\/sites\/3\/projetos-relaotrios-150x150.png\" alt=\"\" aria-describedby=\"gallery-3-846\" \/><\/a><figcaption class='wp-caption-text gallery-caption' id='gallery-3-846'>\n\t\t\t\tRelat\u00f3rios<br \/>\n\t\t\t\t<\/figcaption><\/figure>\n<figure class='gallery-item'>\n\t\t\t\t<a data-elementor-open-lightbox=\"yes\" data-elementor-lightbox-slideshow=\"37f1870\" href='https:\/\/www.pauta.me\/novo\/wp-content\/uploads\/sites\/3\/projetos-relatorio.png'><img decoding=\"async\" loading=\"lazy\" width=\"150\" height=\"150\" src=\"https:\/\/www.pauta.me\/novo\/wp-content\/uploads\/sites\/3\/projetos-relatorio-150x150.png\" alt=\"\" aria-describedby=\"gallery-3-847\" \/><\/a><figcaption class='wp-caption-text gallery-caption' id='gallery-3-847'>\n\t\t\t\tRelat\u00f3rio de Produtividade<br \/>\n\t\t\t\t<\/figcaption><\/figure>\n<figure class='gallery-item'>\n\t\t\t\t<a data-elementor-open-lightbox=\"yes\" data-elementor-lightbox-slideshow=\"37f1870\" href='https:\/\/www.pauta.me\/novo\/wp-content\/uploads\/sites\/3\/projetos-tarefa-editar.png'><img decoding=\"async\" loading=\"lazy\" width=\"150\" height=\"150\" src=\"https:\/\/www.pauta.me\/novo\/wp-content\/uploads\/sites\/3\/projetos-tarefa-editar-150x150.png\" alt=\"\" aria-describedby=\"gallery-3-848\" \/><\/a><figcaption class='wp-caption-text gallery-caption' id='gallery-3-848'>\n\t\t\t\tEditar Tarefa<br \/>\n\t\t\t\t<\/figcaption><\/figure>\n<figure class='gallery-item'>\n\t\t\t\t<a data-elementor-open-lightbox=\"yes\" data-elementor-lightbox-slideshow=\"37f1870\" href='https:\/\/www.pauta.me\/novo\/wp-content\/uploads\/sites\/3\/projetos-tarefa-view.png'><img decoding=\"async\" loading=\"lazy\" width=\"150\" height=\"150\" src=\"https:\/\/www.pauta.me\/novo\/wp-content\/uploads\/sites\/3\/projetos-tarefa-view-150x150.png\" alt=\"\" aria-describedby=\"gallery-3-849\" \/><\/a><figcaption class='wp-caption-text gallery-caption' id='gallery-3-849'>\n\t\t\t\tTela da Tarefa<br \/>\n\t\t\t\t<\/figcaption><\/figure>\n<figure class='gallery-item'>\n\t\t\t\t<a data-elementor-open-lightbox=\"yes\" data-elementor-lightbox-slideshow=\"37f1870\" href='https:\/\/www.pauta.me\/novo\/wp-content\/uploads\/sites\/3\/projetos-view.png'><img decoding=\"async\" loading=\"lazy\" width=\"150\" height=\"150\" src=\"https:\/\/www.pauta.me\/novo\/wp-content\/uploads\/sites\/3\/projetos-view-150x150.png\" alt=\"\" aria-describedby=\"gallery-3-850\" \/><\/a><figcaption class='wp-caption-text gallery-caption' id='gallery-3-850'>\n\t\t\t\tVis\u00e3o do Projeto<br \/>\n\t\t\t\t<\/figcaption><\/figure>\n","protected":false},"excerpt":{"rendered":"<p>M\u00d3DULO PROJETOS Gest\u00e3o completa de todas as demandas da ag\u00eancia. No Pauta.Me as campanhas s\u00e3o tratadas como Projetos da empresa, com ferramentas como follow up, automa\u00e7\u00e3o de fluxos, integra\u00e7\u00e3o de departamentos e timesheet, um recurso de controle de horas trabalhadas. Ideal para operadores Tr\u00e1fego Atendimento Diretores (arte, cria\u00e7\u00e3o &#8230;) Cria\u00e7\u00e3o (designer, redatores &#8230;) Desenvolvimento (programadores, [&hellip;]<\/p>\n","protected":false},"author":1,"featured_media":0,"parent":0,"menu_order":0,"comment_status":"closed","ping_status":"closed","template":"elementor_header_footer","meta":[],"_links":{"self":[{"href":"https:\/\/www.pauta.me\/novo\/wp-json\/wp\/v2\/pages\/831"}],"collection":[{"href":"https:\/\/www.pauta.me\/novo\/wp-json\/wp\/v2\/pages"}],"about":[{"href":"https:\/\/www.pauta.me\/novo\/wp-json\/wp\/v2\/types\/page"}],"author":[{"embeddable":true,"href":"https:\/\/www.pauta.me\/novo\/wp-json\/wp\/v2\/users\/1"}],"replies":[{"embeddable":true,"href":"https:\/\/www.pauta.me\/novo\/wp-json\/wp\/v2\/comments?post=831"}],"version-history":[{"count":48,"href":"https:\/\/www.pauta.me\/novo\/wp-json\/wp\/v2\/pages\/831\/revisions"}],"predecessor-version":[{"id":1379,"href":"https:\/\/www.pauta.me\/novo\/wp-json\/wp\/v2\/pages\/831\/revisions\/1379"}],"wp:attachment":[{"href":"https:\/\/www.pauta.me\/novo\/wp-json\/wp\/v2\/media?parent=831"}],"curies":[{"name":"wp","href":"https:\/\/api.w.org\/{rel}","templated":true}]}}