{"id":878,"date":"2019-11-10T12:09:29","date_gmt":"2019-11-10T15:09:29","guid":{"rendered":"https:\/\/www.pauta.me\/novo\/?page_id=878"},"modified":"2019-11-26T16:29:19","modified_gmt":"2019-11-26T19:29:19","slug":"modulo-producao","status":"publish","type":"page","link":"https:\/\/www.pauta.me\/novo\/modulo-producao\/","title":{"rendered":"M\u00f3dulo: Produ\u00e7\u00e3o"},"content":{"rendered":"<figure><img decoding=\"async\" loading=\"lazy\" width=\"110\" height=\"110\" src=\"https:\/\/www.pauta.me\/novo\/wp-content\/uploads\/sites\/3\/producao_icone.png\" alt=\"\" \/><\/figure>\n<h1>M\u00d3DULO PRODU\u00c7\u00c3O<\/h1>\n<p>Gest\u00e3o completa para produtores.<\/p>\n<h6>M\u00f3dulo de gerenciamento de cota\u00e7\u00f5es e or\u00e7amentos com prestadores de servi\u00e7os terceirizados. Os or\u00e7amentos aprovados seguem para o departamento financeiro para que sejam faturados e executados.<\/h6>\n<h1>Ideal para os operadores:<\/h1>\n<ul>\n<li>\n<h2>Atendimento<\/li>\n<li>\n<h2>Produtores<\/h2>\n<\/li>\n<\/ul>\n<h1>Integra\u00e7\u00f5es<\/strong><\/h1>\n<ul>\n<li>\n<h2>M\u00f3dulo de Projetos: recebe e cria atividades para outros departamentos.<\/li>\n<li>\n<h2>M\u00f3dulo Financeiro: Emite para o financeiro as Ordens de Compras (OC) para faturamento de acordo com o tipo de faturamento.<\/li>\n<li>\n<h2>Google Drive, OneDrive, Dropbox ou conex\u00e3o com servidor via FTPS: \u00c9 poss\u00edvel plugar a sua nuvem no Pauta.Me para o armazenamento de documentos como comprovantes de entregas, notas fiscais e etc.<\/li>\n<li>\n<h2>Softwares de BI (Bussiness Inteligence): \u00c9 poss\u00edvel plugar os dados desse m\u00f3dulo em um software de BI como Google Studio, Qlikview entre outros e contar com os recursos que esses softwares oferecem na gest\u00e3o dos dados.<\/li>\n<\/ul>\n<h1>Principais Recursos:<\/h1>\n<figure><img decoding=\"async\" loading=\"lazy\" width=\"573\" height=\"213\" src=\"https:\/\/www.pauta.me\/novo\/wp-content\/uploads\/sites\/3\/modulo-producao-alertas.png\" alt=\"\" srcset=\"https:\/\/www.pauta.me\/novo\/wp-content\/uploads\/sites\/3\/modulo-producao-alertas.png 573w, https:\/\/www.pauta.me\/novo\/wp-content\/uploads\/sites\/3\/modulo-producao-alertas-300x112.png 300w\" sizes=\"(max-width: 573px) 100vw, 573px\" \/><\/figure>\n<h1>Alertas importantes<\/h1>\n<p>Os alertas s\u00e3o recursos que<br \/>\najudam o produtor no processo<br \/>\nde faturamento assim como na<br \/>\ncobran\u00e7a de notas fiscais dos<br \/>\nfornecedores.<\/p>\n<figure><img decoding=\"async\" loading=\"lazy\" width=\"374\" height=\"285\" src=\"https:\/\/www.pauta.me\/novo\/wp-content\/uploads\/sites\/3\/modulo-producao-faturamento.png\" alt=\"\" srcset=\"https:\/\/www.pauta.me\/novo\/wp-content\/uploads\/sites\/3\/modulo-producao-faturamento.png 374w, https:\/\/www.pauta.me\/novo\/wp-content\/uploads\/sites\/3\/modulo-producao-faturamento-300x229.png 300w\" sizes=\"(max-width: 374px) 100vw, 374px\" \/><\/figure>\n<h1>Faturamento<\/h1>\n<p>Flexibilidade no faturamento de Ordens de<br \/>\nCompras (OC) com os 6<br \/>\ntipos contemplados.<br \/>\nEsse recurso \u00e9 integrado<br \/>\nao m\u00f3dulo financeiro.<\/p>\n<figure><img decoding=\"async\" loading=\"lazy\" width=\"1106\" height=\"280\" src=\"https:\/\/www.pauta.me\/novo\/wp-content\/uploads\/sites\/3\/modulo-producao-avaliacao.png\" alt=\"\" srcset=\"https:\/\/www.pauta.me\/novo\/wp-content\/uploads\/sites\/3\/modulo-producao-avaliacao.png 1106w, https:\/\/www.pauta.me\/novo\/wp-content\/uploads\/sites\/3\/modulo-producao-avaliacao-300x76.png 300w, https:\/\/www.pauta.me\/novo\/wp-content\/uploads\/sites\/3\/modulo-producao-avaliacao-768x194.png 768w, https:\/\/www.pauta.me\/novo\/wp-content\/uploads\/sites\/3\/modulo-producao-avaliacao-1024x259.png 1024w\" sizes=\"(max-width: 1106px) 100vw, 1106px\" \/><\/figure>\n<h1>Avalia\u00e7\u00e3o de fornecedores<\/h1>\n<p>Avalie os servi\u00e7os de seus<br \/>\nfornecedores para manter a sua<br \/>\nbase qualificada facilitando na<br \/>\ndecis\u00e3o das contrata\u00e7\u00f5es.<\/p>\n<figure><img decoding=\"async\" loading=\"lazy\" width=\"1147\" height=\"246\" src=\"https:\/\/www.pauta.me\/novo\/wp-content\/uploads\/sites\/3\/modulo-producao-entregas.png\" alt=\"\" srcset=\"https:\/\/www.pauta.me\/novo\/wp-content\/uploads\/sites\/3\/modulo-producao-entregas.png 1147w, https:\/\/www.pauta.me\/novo\/wp-content\/uploads\/sites\/3\/modulo-producao-entregas-300x64.png 300w, https:\/\/www.pauta.me\/novo\/wp-content\/uploads\/sites\/3\/modulo-producao-entregas-768x165.png 768w, https:\/\/www.pauta.me\/novo\/wp-content\/uploads\/sites\/3\/modulo-producao-entregas-1024x220.png 1024w\" sizes=\"(max-width: 1147px) 100vw, 1147px\" \/><\/figure>\n<h1>Controle de Entrega<\/h1>\n<p>Controle as entregas de produtos<br \/>\nou servi\u00e7os prestados por<br \/>\nfornecedores contratados.<\/p>\n<figure><img decoding=\"async\" loading=\"lazy\" width=\"219\" height=\"101\" src=\"https:\/\/www.pauta.me\/novo\/wp-content\/uploads\/sites\/3\/modulo-negocios-consulta-cnpj-2.png\" alt=\"\" \/><\/figure>\n<h1>Consulta de cadastros por CNPJ<\/h1>\n<p>Cadastrar uma empresa no Pauta.Me \u00e9 muito f\u00e1cil, basta informar o CNPJ que ele se encarrega de retornar todos os dados cadastrais.<\/p>\n<h1>Screenshots<\/h1>\n<p>\t\t\t\t\t\t\t\t\t\t<img decoding=\"async\" loading=\"lazy\" width=\"995\" height=\"580\" src=\"https:\/\/www.pauta.me\/novo\/wp-content\/uploads\/sites\/3\/tela_producao.png\" alt=\"\" srcset=\"https:\/\/www.pauta.me\/novo\/wp-content\/uploads\/sites\/3\/tela_producao.png 995w, https:\/\/www.pauta.me\/novo\/wp-content\/uploads\/sites\/3\/tela_producao-300x175.png 300w, https:\/\/www.pauta.me\/novo\/wp-content\/uploads\/sites\/3\/tela_producao-768x448.png 768w\" sizes=\"(max-width: 995px) 100vw, 995px\" \/>\t\t\t\t\t\t\t\t\t\t\t<\/p>\n<figure class='gallery-item'>\n\t\t\t\t<a data-elementor-open-lightbox=\"yes\" data-elementor-lightbox-slideshow=\"37f1870\" href='https:\/\/www.pauta.me\/novo\/wp-content\/uploads\/sites\/3\/producao-a-faturar.png'><img decoding=\"async\" loading=\"lazy\" width=\"150\" height=\"150\" src=\"https:\/\/www.pauta.me\/novo\/wp-content\/uploads\/sites\/3\/producao-a-faturar-150x150.png\" alt=\"\" aria-describedby=\"gallery-3-882\" \/><\/a><figcaption class='wp-caption-text gallery-caption' id='gallery-3-882'>\n\t\t\t\tOrdens de Compra a faturar<br \/>\n\t\t\t\t<\/figcaption><\/figure>\n<figure class='gallery-item'>\n\t\t\t\t<a data-elementor-open-lightbox=\"yes\" data-elementor-lightbox-slideshow=\"37f1870\" href='https:\/\/www.pauta.me\/novo\/wp-content\/uploads\/sites\/3\/producao-avaliacao-fornecedores.png'><img decoding=\"async\" loading=\"lazy\" width=\"150\" height=\"150\" src=\"https:\/\/www.pauta.me\/novo\/wp-content\/uploads\/sites\/3\/producao-avaliacao-fornecedores-150x150.png\" alt=\"\" aria-describedby=\"gallery-3-883\" \/><\/a><figcaption class='wp-caption-text gallery-caption' id='gallery-3-883'>\n\t\t\t\tAvalia\u00e7\u00e3o de Fornecedores<br \/>\n\t\t\t\t<\/figcaption><\/figure>\n<figure class='gallery-item'>\n\t\t\t\t<a data-elementor-open-lightbox=\"yes\" data-elementor-lightbox-slideshow=\"37f1870\" href='https:\/\/www.pauta.me\/novo\/wp-content\/uploads\/sites\/3\/producao-cotacao-view.png'><img decoding=\"async\" loading=\"lazy\" width=\"150\" height=\"150\" src=\"https:\/\/www.pauta.me\/novo\/wp-content\/uploads\/sites\/3\/producao-cotacao-view-150x150.png\" alt=\"\" aria-describedby=\"gallery-3-884\" \/><\/a><figcaption class='wp-caption-text gallery-caption' id='gallery-3-884'>\n\t\t\t\tCota\u00e7\u00e3o<br \/>\n\t\t\t\t<\/figcaption><\/figure>\n<figure class='gallery-item'>\n\t\t\t\t<a data-elementor-open-lightbox=\"yes\" data-elementor-lightbox-slideshow=\"37f1870\" href='https:\/\/www.pauta.me\/novo\/wp-content\/uploads\/sites\/3\/producao-cotacao-visualizar.png'><img decoding=\"async\" loading=\"lazy\" width=\"150\" height=\"150\" src=\"https:\/\/www.pauta.me\/novo\/wp-content\/uploads\/sites\/3\/producao-cotacao-visualizar-150x150.png\" alt=\"\" aria-describedby=\"gallery-3-885\" \/><\/a><figcaption class='wp-caption-text gallery-caption' id='gallery-3-885'>\n\t\t\t\tVisualiza\u00e7\u00e3o da Cota\u00e7\u00e3o<br \/>\n\t\t\t\t<\/figcaption><\/figure>\n<figure class='gallery-item'>\n\t\t\t\t<a data-elementor-open-lightbox=\"yes\" data-elementor-lightbox-slideshow=\"37f1870\" href='https:\/\/www.pauta.me\/novo\/wp-content\/uploads\/sites\/3\/producao-dashboard.png'><img decoding=\"async\" loading=\"lazy\" width=\"150\" height=\"150\" src=\"https:\/\/www.pauta.me\/novo\/wp-content\/uploads\/sites\/3\/producao-dashboard-150x150.png\" alt=\"\" aria-describedby=\"gallery-3-886\" \/><\/a><figcaption class='wp-caption-text gallery-caption' id='gallery-3-886'>\n\t\t\t\tDashboard<br \/>\n\t\t\t\t<\/figcaption><\/figure>\n<figure class='gallery-item'>\n\t\t\t\t<a data-elementor-open-lightbox=\"yes\" data-elementor-lightbox-slideshow=\"37f1870\" href='https:\/\/www.pauta.me\/novo\/wp-content\/uploads\/sites\/3\/producao-oc-faturar.png'><img decoding=\"async\" loading=\"lazy\" width=\"150\" height=\"150\" src=\"https:\/\/www.pauta.me\/novo\/wp-content\/uploads\/sites\/3\/producao-oc-faturar-150x150.png\" alt=\"\" aria-describedby=\"gallery-3-887\" \/><\/a><figcaption class='wp-caption-text gallery-caption' id='gallery-3-887'>\n\t\t\t\tFaturamento da Ordem de Compra<br \/>\n\t\t\t\t<\/figcaption><\/figure>\n<figure class='gallery-item'>\n\t\t\t\t<a data-elementor-open-lightbox=\"yes\" data-elementor-lightbox-slideshow=\"37f1870\" href='https:\/\/www.pauta.me\/novo\/wp-content\/uploads\/sites\/3\/producao-oc-view.png'><img decoding=\"async\" loading=\"lazy\" width=\"150\" height=\"150\" src=\"https:\/\/www.pauta.me\/novo\/wp-content\/uploads\/sites\/3\/producao-oc-view-150x150.png\" alt=\"\" aria-describedby=\"gallery-3-888\" \/><\/a><figcaption class='wp-caption-text gallery-caption' id='gallery-3-888'>\n\t\t\t\tvisualiza\u00e7\u00e3o da Ordem de Compra<br \/>\n\t\t\t\t<\/figcaption><\/figure>\n<figure class='gallery-item'>\n\t\t\t\t<a data-elementor-open-lightbox=\"yes\" data-elementor-lightbox-slideshow=\"37f1870\" href='https:\/\/www.pauta.me\/novo\/wp-content\/uploads\/sites\/3\/producao-orcamento-editar.png'><img decoding=\"async\" loading=\"lazy\" width=\"150\" height=\"150\" src=\"https:\/\/www.pauta.me\/novo\/wp-content\/uploads\/sites\/3\/producao-orcamento-editar-150x150.png\" alt=\"\" aria-describedby=\"gallery-3-889\" \/><\/a><figcaption class='wp-caption-text gallery-caption' id='gallery-3-889'>\n\t\t\t\tFormul\u00e1rio do Or\u00e7amento<br \/>\n\t\t\t\t<\/figcaption><\/figure>\n<figure class='gallery-item'>\n\t\t\t\t<a data-elementor-open-lightbox=\"yes\" data-elementor-lightbox-slideshow=\"37f1870\" href='https:\/\/www.pauta.me\/novo\/wp-content\/uploads\/sites\/3\/producao-relatorio.png'><img decoding=\"async\" loading=\"lazy\" width=\"150\" height=\"150\" src=\"https:\/\/www.pauta.me\/novo\/wp-content\/uploads\/sites\/3\/producao-relatorio-150x150.png\" alt=\"\" aria-describedby=\"gallery-3-890\" \/><\/a><figcaption class='wp-caption-text gallery-caption' id='gallery-3-890'>\n\t\t\t\tRelat\u00f3rio<br \/>\n\t\t\t\t<\/figcaption><\/figure>\n","protected":false},"excerpt":{"rendered":"<p>M\u00d3DULO PRODU\u00c7\u00c3O Gest\u00e3o completa para produtores. M\u00f3dulo de gerenciamento de cota\u00e7\u00f5es e or\u00e7amentos com prestadores de servi\u00e7os terceirizados. Os or\u00e7amentos aprovados seguem para o departamento financeiro para que sejam faturados e executados. Ideal para os operadores: Atendimento Produtores Integra\u00e7\u00f5es M\u00f3dulo de Projetos: recebe e cria atividades para outros departamentos. M\u00f3dulo Financeiro: Emite para o financeiro [&hellip;]<\/p>\n","protected":false},"author":1,"featured_media":0,"parent":0,"menu_order":0,"comment_status":"closed","ping_status":"closed","template":"elementor_header_footer","meta":[],"_links":{"self":[{"href":"https:\/\/www.pauta.me\/novo\/wp-json\/wp\/v2\/pages\/878"}],"collection":[{"href":"https:\/\/www.pauta.me\/novo\/wp-json\/wp\/v2\/pages"}],"about":[{"href":"https:\/\/www.pauta.me\/novo\/wp-json\/wp\/v2\/types\/page"}],"author":[{"embeddable":true,"href":"https:\/\/www.pauta.me\/novo\/wp-json\/wp\/v2\/users\/1"}],"replies":[{"embeddable":true,"href":"https:\/\/www.pauta.me\/novo\/wp-json\/wp\/v2\/comments?post=878"}],"version-history":[{"count":33,"href":"https:\/\/www.pauta.me\/novo\/wp-json\/wp\/v2\/pages\/878\/revisions"}],"predecessor-version":[{"id":1358,"href":"https:\/\/www.pauta.me\/novo\/wp-json\/wp\/v2\/pages\/878\/revisions\/1358"}],"wp:attachment":[{"href":"https:\/\/www.pauta.me\/novo\/wp-json\/wp\/v2\/media?parent=878"}],"curies":[{"name":"wp","href":"https:\/\/api.w.org\/{rel}","templated":true}]}}