{"id":892,"date":"2019-11-10T12:27:44","date_gmt":"2019-11-10T15:27:44","guid":{"rendered":"https:\/\/www.pauta.me\/novo\/?page_id=892"},"modified":"2019-11-26T16:36:40","modified_gmt":"2019-11-26T19:36:40","slug":"modulo-financeiro","status":"publish","type":"page","link":"https:\/\/www.pauta.me\/novo\/modulo-financeiro\/","title":{"rendered":"M\u00f3dulo: Financeiro"},"content":{"rendered":"<figure><img decoding=\"async\" src=\"https:\/\/www.pauta.me\/novo\/wp-content\/uploads\/sites\/3\/financeiro_icone.png\" title=\"financeiro_icone\" alt=\"financeiro_icone\" \/><\/figure>\n<h1>M\u00d3DULO FINANCEIRO<\/h1>\n<p>Gest\u00e3o financeira da empresa.<\/p>\n<h6>O m\u00f3dulo Financeiro possui recursos como: gest\u00e3o de contas a pagar e a receber, concilia\u00e7\u00e3o banc\u00e1ria, cobran\u00e7a automatizada, DRE gerencial e, principalmente, a integra\u00e7\u00e3o com os m\u00f3dulos de neg\u00f3cios, produ\u00e7\u00e3o e m\u00eddia.<\/h6>\n<h1>Ideal para os operadores:<\/h1>\n<ul>\n<li>\n<h2>Gestor<\/h2>\n<\/li>\n<li>\n<h2>Financeiro<\/h2>\n<\/li>\n<\/ul>\n<h1>Principais Recursos:<\/h1>\n<figure><img decoding=\"async\" loading=\"lazy\" width=\"1146\" height=\"590\" src=\"https:\/\/www.pauta.me\/novo\/wp-content\/uploads\/sites\/3\/modulo-financeiro-fluxodecaixa.png\" alt=\"\" srcset=\"https:\/\/www.pauta.me\/novo\/wp-content\/uploads\/sites\/3\/modulo-financeiro-fluxodecaixa.png 1146w, https:\/\/www.pauta.me\/novo\/wp-content\/uploads\/sites\/3\/modulo-financeiro-fluxodecaixa-300x154.png 300w, https:\/\/www.pauta.me\/novo\/wp-content\/uploads\/sites\/3\/modulo-financeiro-fluxodecaixa-768x395.png 768w, https:\/\/www.pauta.me\/novo\/wp-content\/uploads\/sites\/3\/modulo-financeiro-fluxodecaixa-1024x527.png 1024w\" sizes=\"(max-width: 1146px) 100vw, 1146px\" \/><\/figure>\n<h1>Fluxo de Caixa<\/h1>\n<p>Com todo o seu contas a pagar e a receber lan\u00e7ados no<br \/>\nPauta.Me, fica f\u00e1cil acompanhar o seu fluxo de caixa di\u00e1rio ou<br \/>\nmensal.<\/p>\n<figure><img decoding=\"async\" loading=\"lazy\" width=\"573\" height=\"246\" src=\"https:\/\/www.pauta.me\/novo\/wp-content\/uploads\/sites\/3\/modulo-financeiro-integracoes.png\" alt=\"\" srcset=\"https:\/\/www.pauta.me\/novo\/wp-content\/uploads\/sites\/3\/modulo-financeiro-integracoes.png 573w, https:\/\/www.pauta.me\/novo\/wp-content\/uploads\/sites\/3\/modulo-financeiro-integracoes-300x129.png 300w\" sizes=\"(max-width: 573px) 100vw, 573px\" \/><\/figure>\n<h1>Integra\u00e7\u00e3o entre M\u00f3dulos<\/h1>\n<p>A integra\u00e7\u00e3o entre os m\u00f3dulos: Neg\u00f3cios, M\u00eddia e<br \/>\nProdu\u00e7\u00e3o \u00e9 uma das principais features do Pauta.Me.<\/p>\n<figure><img decoding=\"async\" loading=\"lazy\" width=\"654\" height=\"530\" src=\"https:\/\/www.pauta.me\/novo\/wp-content\/uploads\/sites\/3\/modulo-financeiro-cobranca-automatizada.png\" alt=\"\" srcset=\"https:\/\/www.pauta.me\/novo\/wp-content\/uploads\/sites\/3\/modulo-financeiro-cobranca-automatizada.png 654w, https:\/\/www.pauta.me\/novo\/wp-content\/uploads\/sites\/3\/modulo-financeiro-cobranca-automatizada-300x243.png 300w\" sizes=\"(max-width: 654px) 100vw, 654px\" \/><\/figure>\n<h1>Cobran\u00e7a automatizada<\/h1>\n<p>Deixe que o Pauta.Me trabalhe para<br \/>\nsua empresa! Apenas configure as<br \/>\nmensagens de cobran\u00e7as e ligue a<br \/>\nautoma\u00e7\u00e3o, assim, o Pauta.Me<br \/>\ncuidar\u00e1 de emitir a nota fiscal, gerar<br \/>\no boleto e ainda enviar esses<br \/>\ndocumentos para o e-mail do seu<br \/>\ncliente.<\/p>\n<figure><img decoding=\"async\" loading=\"lazy\" width=\"1188\" height=\"812\" src=\"https:\/\/www.pauta.me\/novo\/wp-content\/uploads\/sites\/3\/modulo-financeiro-notafiscal.png\" alt=\"\" srcset=\"https:\/\/www.pauta.me\/novo\/wp-content\/uploads\/sites\/3\/modulo-financeiro-notafiscal.png 1188w, https:\/\/www.pauta.me\/novo\/wp-content\/uploads\/sites\/3\/modulo-financeiro-notafiscal-300x205.png 300w, https:\/\/www.pauta.me\/novo\/wp-content\/uploads\/sites\/3\/modulo-financeiro-notafiscal-768x525.png 768w, https:\/\/www.pauta.me\/novo\/wp-content\/uploads\/sites\/3\/modulo-financeiro-notafiscal-1024x700.png 1024w\" sizes=\"(max-width: 1188px) 100vw, 1188px\" \/><\/figure>\n<h1>Envio de Nota Fiscal Eletr\u00f4nica<\/h1>\n<p>Emita suas notas fiscais diretamente pelo Pauta.Me utilizando<br \/>\nos pr\u00f3prios dados lan\u00e7ados no seu contas a receber, de forma<br \/>\nsimples e descomplicada.<\/p>\n<figure><img decoding=\"async\" loading=\"lazy\" width=\"219\" height=\"101\" src=\"https:\/\/www.pauta.me\/novo\/wp-content\/uploads\/sites\/3\/modulo-negocios-consulta-cnpj-1.png\" alt=\"\" \/><\/figure>\n<h1>Consulta de cadastros por CNPJ<\/h1>\n<p>Cadastrar uma empresa no Pauta.Me \u00e9 muito f\u00e1cil, basta informar o CNPJ que ele se encarrega de retornar todos os dados cadastrais.<\/p>\n<figure><img decoding=\"async\" loading=\"lazy\" width=\"211\" height=\"115\" src=\"https:\/\/www.pauta.me\/novo\/wp-content\/uploads\/sites\/3\/2pautame.jpg\" alt=\"\" \/><\/figure>\n<h1>Multi Empresas<\/h1>\n<p>Voc\u00ea pode gerenciar mais de um CNPJ para fins de faturamento e gerar relat\u00f3rios consolidados ou individuais.<\/p>\n<h1>Integra\u00e7\u00f5es<\/h1>\n<ul>\n<li>\n<h2>M\u00f3dulo de Projetos: recebe e cria atividades para outros departamentos.<\/h2>\n<\/li>\n<li>\n<h2>M\u00f3dulo de M\u00eddia: recebe PI&#8217;s para faturamento.<\/h2>\n<\/li>\n<li>\n<h2>M\u00f3dulo de Produ\u00e7\u00e3o:\u00a0recebe Ordens de Compra (OC) para faturamento.<\/h2>\n<\/li>\n<li>\n<h2>M\u00f3dulo de Neg\u00f3cios:\u00a0recebe Ordens de Servi\u00e7o Internos (OS) para faturamento.<\/h2>\n<\/li>\n<li>\n<h2>Google Drive, OneDrive, Dropbox ou conex\u00e3o com servidor via FTPS: \u00c9 poss\u00edvel plugar a sua nuvem no Pauta.Me para o armazenamento de documentos como comprovantes, contratos, notas fiscais e etc.<\/h2>\n<\/li>\n<li>\n<h2>Softwares de BI (Bussiness Inteligence): \u00c9 poss\u00edvel plugar os dados desse m\u00f3dulo em um software de BI como Google Studio, Qlikview entre outros e contar com os recursos que esses softwares oferecem na gest\u00e3o dos dados.<\/h2>\n<\/li>\n<\/ul>\n<h1>Screenshots<\/h1>\n<p>\t\t\t\t\t\t\t\t\t\t<img decoding=\"async\" loading=\"lazy\" width=\"994\" height=\"1259\" src=\"https:\/\/www.pauta.me\/novo\/wp-content\/uploads\/sites\/3\/financeiro_painel1.png\" alt=\"\" srcset=\"https:\/\/www.pauta.me\/novo\/wp-content\/uploads\/sites\/3\/financeiro_painel1.png 994w, https:\/\/www.pauta.me\/novo\/wp-content\/uploads\/sites\/3\/financeiro_painel1-237x300.png 237w, https:\/\/www.pauta.me\/novo\/wp-content\/uploads\/sites\/3\/financeiro_painel1-768x973.png 768w, https:\/\/www.pauta.me\/novo\/wp-content\/uploads\/sites\/3\/financeiro_painel1-808x1024.png 808w\" sizes=\"(max-width: 994px) 100vw, 994px\" \/>\t\t\t\t\t\t\t\t\t\t\t<\/p>\n<figure class='gallery-item'>\n\t\t\t\t<a data-elementor-open-lightbox=\"yes\" data-elementor-lightbox-slideshow=\"37f1870\" href='https:\/\/www.pauta.me\/novo\/wp-content\/uploads\/sites\/3\/financeiro-baixas.png'><img decoding=\"async\" loading=\"lazy\" width=\"150\" height=\"150\" src=\"https:\/\/www.pauta.me\/novo\/wp-content\/uploads\/sites\/3\/financeiro-baixas-150x150.png\" alt=\"\" aria-describedby=\"gallery-3-896\" \/><\/a><figcaption class='wp-caption-text gallery-caption' id='gallery-3-896'>\n\t\t\t\tBaixar contas a receber<br \/>\n\t\t\t\t<\/figcaption><\/figure>\n<figure class='gallery-item'>\n\t\t\t\t<a data-elementor-open-lightbox=\"yes\" data-elementor-lightbox-slideshow=\"37f1870\" href='https:\/\/www.pauta.me\/novo\/wp-content\/uploads\/sites\/3\/financeiro-conciliacao.png'><img decoding=\"async\" loading=\"lazy\" width=\"150\" height=\"150\" src=\"https:\/\/www.pauta.me\/novo\/wp-content\/uploads\/sites\/3\/financeiro-conciliacao-150x150.png\" alt=\"\" aria-describedby=\"gallery-3-897\" \/><\/a><figcaption class='wp-caption-text gallery-caption' id='gallery-3-897'>\n\t\t\t\tConcilia\u00e7\u00e3o<br \/>\n\t\t\t\t<\/figcaption><\/figure>\n<figure class='gallery-item'>\n\t\t\t\t<a data-elementor-open-lightbox=\"yes\" data-elementor-lightbox-slideshow=\"37f1870\" href='https:\/\/www.pauta.me\/novo\/wp-content\/uploads\/sites\/3\/financeiro-dre.png'><img decoding=\"async\" loading=\"lazy\" width=\"150\" height=\"150\" src=\"https:\/\/www.pauta.me\/novo\/wp-content\/uploads\/sites\/3\/financeiro-dre-150x150.png\" alt=\"\" aria-describedby=\"gallery-3-898\" \/><\/a><figcaption class='wp-caption-text gallery-caption' id='gallery-3-898'>\n\t\t\t\tDRE Gerencial<br \/>\n\t\t\t\t<\/figcaption><\/figure>\n<figure class='gallery-item'>\n\t\t\t\t<a data-elementor-open-lightbox=\"yes\" data-elementor-lightbox-slideshow=\"37f1870\" href='https:\/\/www.pauta.me\/novo\/wp-content\/uploads\/sites\/3\/financeiro-fluxocaixa.png'><img decoding=\"async\" loading=\"lazy\" width=\"150\" height=\"150\" src=\"https:\/\/www.pauta.me\/novo\/wp-content\/uploads\/sites\/3\/financeiro-fluxocaixa-150x150.png\" alt=\"\" aria-describedby=\"gallery-3-899\" \/><\/a><figcaption class='wp-caption-text gallery-caption' id='gallery-3-899'>\n\t\t\t\tFluxo de caixa<br \/>\n\t\t\t\t<\/figcaption><\/figure>\n<figure class='gallery-item'>\n\t\t\t\t<a data-elementor-open-lightbox=\"yes\" data-elementor-lightbox-slideshow=\"37f1870\" href='https:\/\/www.pauta.me\/novo\/wp-content\/uploads\/sites\/3\/financeiro-mensagens-cobranca.png'><img decoding=\"async\" loading=\"lazy\" width=\"150\" height=\"150\" src=\"https:\/\/www.pauta.me\/novo\/wp-content\/uploads\/sites\/3\/financeiro-mensagens-cobranca-150x150.png\" alt=\"\" aria-describedby=\"gallery-3-900\" \/><\/a><figcaption class='wp-caption-text gallery-caption' id='gallery-3-900'>\n\t\t\t\tMensagens de Cobran\u00e7a<br \/>\n\t\t\t\t<\/figcaption><\/figure>\n<figure class='gallery-item'>\n\t\t\t\t<a data-elementor-open-lightbox=\"yes\" data-elementor-lightbox-slideshow=\"37f1870\" href='https:\/\/www.pauta.me\/novo\/wp-content\/uploads\/sites\/3\/financeiro-planorecorrencia.png'><img decoding=\"async\" loading=\"lazy\" width=\"150\" height=\"150\" src=\"https:\/\/www.pauta.me\/novo\/wp-content\/uploads\/sites\/3\/financeiro-planorecorrencia-150x150.png\" alt=\"\" aria-describedby=\"gallery-3-901\" \/><\/a><figcaption class='wp-caption-text gallery-caption' id='gallery-3-901'>\n\t\t\t\tPlano de Recorr\u00eancia (FEE)<br \/>\n\t\t\t\t<\/figcaption><\/figure>\n<figure class='gallery-item'>\n\t\t\t\t<a data-elementor-open-lightbox=\"yes\" data-elementor-lightbox-slideshow=\"37f1870\" href='https:\/\/www.pauta.me\/novo\/wp-content\/uploads\/sites\/3\/financeiro-relatorios.png'><img decoding=\"async\" loading=\"lazy\" width=\"150\" height=\"150\" src=\"https:\/\/www.pauta.me\/novo\/wp-content\/uploads\/sites\/3\/financeiro-relatorios-150x150.png\" alt=\"\" aria-describedby=\"gallery-3-902\" \/><\/a><figcaption class='wp-caption-text gallery-caption' id='gallery-3-902'>\n\t\t\t\tRelat\u00f3rios<br \/>\n\t\t\t\t<\/figcaption><\/figure>\n<figure class='gallery-item'>\n\t\t\t\t<a data-elementor-open-lightbox=\"yes\" data-elementor-lightbox-slideshow=\"37f1870\" href='https:\/\/www.pauta.me\/novo\/wp-content\/uploads\/sites\/3\/financeiro-remessa.png'><img decoding=\"async\" loading=\"lazy\" width=\"150\" height=\"150\" src=\"https:\/\/www.pauta.me\/novo\/wp-content\/uploads\/sites\/3\/financeiro-remessa-150x150.png\" alt=\"\" aria-describedby=\"gallery-3-903\" \/><\/a><figcaption class='wp-caption-text gallery-caption' id='gallery-3-903'>\n\t\t\t\tRemessa Banc\u00e1ria<br \/>\n\t\t\t\t<\/figcaption><\/figure>\n<figure class='gallery-item'>\n\t\t\t\t<a data-elementor-open-lightbox=\"yes\" data-elementor-lightbox-slideshow=\"37f1870\" href='https:\/\/www.pauta.me\/novo\/wp-content\/uploads\/sites\/3\/financeiro-retencoes.png'><img decoding=\"async\" loading=\"lazy\" width=\"150\" height=\"150\" src=\"https:\/\/www.pauta.me\/novo\/wp-content\/uploads\/sites\/3\/financeiro-retencoes-150x150.png\" alt=\"\" aria-describedby=\"gallery-3-904\" \/><\/a><figcaption class='wp-caption-text gallery-caption' id='gallery-3-904'>\n\t\t\t\tReten\u00e7\u00e3o de Imposto no T\u00edtulo<br \/>\n\t\t\t\t<\/figcaption><\/figure>\n<figure class='gallery-item'>\n\t\t\t\t<a data-elementor-open-lightbox=\"yes\" data-elementor-lightbox-slideshow=\"37f1870\" href='https:\/\/www.pauta.me\/novo\/wp-content\/uploads\/sites\/3\/financeiro-titulopagar.png'><img decoding=\"async\" loading=\"lazy\" width=\"150\" height=\"150\" src=\"https:\/\/www.pauta.me\/novo\/wp-content\/uploads\/sites\/3\/financeiro-titulopagar-150x150.png\" alt=\"\" aria-describedby=\"gallery-3-905\" \/><\/a><figcaption class='wp-caption-text gallery-caption' id='gallery-3-905'>\n\t\t\t\tT\u00edtulo a Pagar<br \/>\n\t\t\t\t<\/figcaption><\/figure>\n<figure class='gallery-item'>\n\t\t\t\t<a data-elementor-open-lightbox=\"yes\" data-elementor-lightbox-slideshow=\"37f1870\" href='https:\/\/www.pauta.me\/novo\/wp-content\/uploads\/sites\/3\/financeiro-transferencias.png'><img decoding=\"async\" loading=\"lazy\" width=\"150\" height=\"150\" src=\"https:\/\/www.pauta.me\/novo\/wp-content\/uploads\/sites\/3\/financeiro-transferencias-150x150.png\" alt=\"\" aria-describedby=\"gallery-3-906\" \/><\/a><figcaption class='wp-caption-text gallery-caption' id='gallery-3-906'>\n\t\t\t\tTransfer\u00eancias<br \/>\n\t\t\t\t<\/figcaption><\/figure>\n<figure class='gallery-item'>\n\t\t\t\t<a data-elementor-open-lightbox=\"yes\" data-elementor-lightbox-slideshow=\"37f1870\" href='https:\/\/www.pauta.me\/novo\/wp-content\/uploads\/sites\/3\/modulo-financeiro-painel.png'><img decoding=\"async\" loading=\"lazy\" width=\"150\" height=\"150\" src=\"https:\/\/www.pauta.me\/novo\/wp-content\/uploads\/sites\/3\/modulo-financeiro-painel-150x150.png\" alt=\"\" aria-describedby=\"gallery-3-768\" \/><\/a><figcaption class='wp-caption-text gallery-caption' id='gallery-3-768'>\n\t\t\t\tDashboard<br \/>\n\t\t\t\t<\/figcaption><\/figure>\n","protected":false},"excerpt":{"rendered":"<p>M\u00d3DULO FINANCEIRO Gest\u00e3o financeira da empresa. O m\u00f3dulo Financeiro possui recursos como: gest\u00e3o de contas a pagar e a receber, concilia\u00e7\u00e3o banc\u00e1ria, cobran\u00e7a automatizada, DRE gerencial e, principalmente, a integra\u00e7\u00e3o com os m\u00f3dulos de neg\u00f3cios, produ\u00e7\u00e3o e m\u00eddia. Ideal para os operadores: Gestor Financeiro Principais Recursos: Fluxo de Caixa Com todo o seu contas a [&hellip;]<\/p>\n","protected":false},"author":1,"featured_media":0,"parent":0,"menu_order":0,"comment_status":"closed","ping_status":"closed","template":"elementor_header_footer","meta":[],"_links":{"self":[{"href":"https:\/\/www.pauta.me\/novo\/wp-json\/wp\/v2\/pages\/892"}],"collection":[{"href":"https:\/\/www.pauta.me\/novo\/wp-json\/wp\/v2\/pages"}],"about":[{"href":"https:\/\/www.pauta.me\/novo\/wp-json\/wp\/v2\/types\/page"}],"author":[{"embeddable":true,"href":"https:\/\/www.pauta.me\/novo\/wp-json\/wp\/v2\/users\/1"}],"replies":[{"embeddable":true,"href":"https:\/\/www.pauta.me\/novo\/wp-json\/wp\/v2\/comments?post=892"}],"version-history":[{"count":116,"href":"https:\/\/www.pauta.me\/novo\/wp-json\/wp\/v2\/pages\/892\/revisions"}],"predecessor-version":[{"id":1409,"href":"https:\/\/www.pauta.me\/novo\/wp-json\/wp\/v2\/pages\/892\/revisions\/1409"}],"wp:attachment":[{"href":"https:\/\/www.pauta.me\/novo\/wp-json\/wp\/v2\/media?parent=892"}],"curies":[{"name":"wp","href":"https:\/\/api.w.org\/{rel}","templated":true}]}}