{"id":911,"date":"2019-11-10T12:51:11","date_gmt":"2019-11-10T15:51:11","guid":{"rendered":"https:\/\/www.pauta.me\/novo\/?page_id=911"},"modified":"2019-11-26T16:52:42","modified_gmt":"2019-11-26T19:52:42","slug":"modulo-painel-cliente","status":"publish","type":"page","link":"https:\/\/www.pauta.me\/novo\/modulo-painel-cliente\/","title":{"rendered":"M\u00f3dulo: Painel do Cliente"},"content":{"rendered":"<figure><img decoding=\"async\" loading=\"lazy\" width=\"110\" height=\"110\" src=\"https:\/\/www.pauta.me\/novo\/wp-content\/uploads\/sites\/3\/painel_icone.png\" alt=\"\" \/><\/figure>\n<h1>M\u00d3DULO PAINEL DO CLIENTE<\/h1>\n<p>Prospects interagindo diretamente com a sua equipe.<\/p>\n<h6>Este \u00e9 um ambiente desenvolvido para os clientes da Ag\u00eancia. Nele \u00e9 feito o acompanhamento das tarefas executadas, aprova\u00e7\u00e3o de pe\u00e7as desenvolvidas e envio de novas solicita\u00e7\u00f5es<\/h6>\n<h1>Ideal para os operadores:<\/h4>\n<ul>\n<li>\n<h2>Clientes<\/h2>\n<\/li>\n<li>\n<h2>Prospects<\/h2>\n<\/li>\n<\/ul>\n<h1>Integra\u00e7\u00f5es<\/h1>\n<ul>\n<li>\n<h2>M\u00f3dulo de Projetos:\u00a0As tarefas e as pe\u00e7as liberadas pelo atendimento para o painel do cliente ficam dispon\u00edveis no ambiente, para que ele acompanhe as demandas, registre coment\u00e1rios, aprove pe\u00e7as ou at\u00e9 mesmo solicite novas atividades. As atividades solicitadas no painel do cliente entram na pauta do Atendimento da conta.<\/li>\n<li>\n<h2>Google Drive, OneDrive, Dropbox ou conex\u00e3o com servidor via FTPS: \u00c9 poss\u00edvel plugar a sua nuvem no Pauta.Me para o armazenamento de arquivos de referencia enviados pelos clientes no painel.<\/li>\n<\/ul>\n<h1>Screenshots:<\/h1>\n<p>\t\t\t\t\t\t\t\t\t\t<img decoding=\"async\" loading=\"lazy\" width=\"994\" height=\"606\" src=\"https:\/\/www.pauta.me\/novo\/wp-content\/uploads\/sites\/3\/painel_tela.png\" alt=\"\" srcset=\"https:\/\/www.pauta.me\/novo\/wp-content\/uploads\/sites\/3\/painel_tela.png 994w, https:\/\/www.pauta.me\/novo\/wp-content\/uploads\/sites\/3\/painel_tela-300x183.png 300w, https:\/\/www.pauta.me\/novo\/wp-content\/uploads\/sites\/3\/painel_tela-768x468.png 768w\" sizes=\"(max-width: 994px) 100vw, 994px\" \/>\t\t\t\t\t\t\t\t\t\t\t<\/p>\n<figure class='gallery-item'>\n\t\t\t\t<a data-elementor-open-lightbox=\"yes\" data-elementor-lightbox-slideshow=\"37f1870\" href='https:\/\/www.pauta.me\/novo\/wp-content\/uploads\/sites\/3\/painelcliente-tarefas.png'><img decoding=\"async\" loading=\"lazy\" width=\"150\" height=\"150\" src=\"https:\/\/www.pauta.me\/novo\/wp-content\/uploads\/sites\/3\/painelcliente-tarefas-150x150.png\" alt=\"\" aria-describedby=\"gallery-3-918\" \/><\/a><figcaption class='wp-caption-text gallery-caption' id='gallery-3-918'>\n\t\t\t\tLista de Tarefas<br \/>\n\t\t\t\t<\/figcaption><\/figure>\n<figure class='gallery-item'>\n\t\t\t\t<a data-elementor-open-lightbox=\"yes\" data-elementor-lightbox-slideshow=\"37f1870\" href='https:\/\/www.pauta.me\/novo\/wp-content\/uploads\/sites\/3\/painelcliente-tarefa.png'><img decoding=\"async\" loading=\"lazy\" width=\"150\" height=\"150\" src=\"https:\/\/www.pauta.me\/novo\/wp-content\/uploads\/sites\/3\/painelcliente-tarefa-150x150.png\" alt=\"\" aria-describedby=\"gallery-3-917\" \/><\/a><figcaption class='wp-caption-text gallery-caption' id='gallery-3-917'>\n\t\t\t\tTela da Tarefa para o cliente<br \/>\n\t\t\t\t<\/figcaption><\/figure>\n<figure class='gallery-item'>\n\t\t\t\t<a data-elementor-open-lightbox=\"yes\" data-elementor-lightbox-slideshow=\"37f1870\" href='https:\/\/www.pauta.me\/novo\/wp-content\/uploads\/sites\/3\/painelcliente-solicitacao.png'><img decoding=\"async\" loading=\"lazy\" width=\"150\" height=\"150\" src=\"https:\/\/www.pauta.me\/novo\/wp-content\/uploads\/sites\/3\/painelcliente-solicitacao-150x150.png\" alt=\"\" aria-describedby=\"gallery-3-916\" \/><\/a><figcaption class='wp-caption-text gallery-caption' id='gallery-3-916'>\n\t\t\t\tFormul\u00e1rio de solicita\u00e7\u00e3o de atividade<br \/>\n\t\t\t\t<\/figcaption><\/figure>\n<figure class='gallery-item'>\n\t\t\t\t<a data-elementor-open-lightbox=\"yes\" data-elementor-lightbox-slideshow=\"37f1870\" href='https:\/\/www.pauta.me\/novo\/wp-content\/uploads\/sites\/3\/painelcliente-relatorio.png'><img decoding=\"async\" loading=\"lazy\" width=\"150\" height=\"150\" src=\"https:\/\/www.pauta.me\/novo\/wp-content\/uploads\/sites\/3\/painelcliente-relatorio-150x150.png\" alt=\"\" aria-describedby=\"gallery-3-915\" \/><\/a><figcaption class='wp-caption-text gallery-caption' id='gallery-3-915'>\n\t\t\t\tRelat\u00f3rio<br \/>\n\t\t\t\t<\/figcaption><\/figure>\n<figure class='gallery-item'>\n\t\t\t\t<a data-elementor-open-lightbox=\"yes\" data-elementor-lightbox-slideshow=\"37f1870\" href='https:\/\/www.pauta.me\/novo\/wp-content\/uploads\/sites\/3\/painelcliente-contato.png'><img decoding=\"async\" loading=\"lazy\" width=\"150\" height=\"150\" src=\"https:\/\/www.pauta.me\/novo\/wp-content\/uploads\/sites\/3\/painelcliente-contato-150x150.png\" alt=\"\" aria-describedby=\"gallery-3-914\" \/><\/a><figcaption class='wp-caption-text gallery-caption' id='gallery-3-914'>\n\t\t\t\tInforma\u00e7\u00f5es para contato<br \/>\n\t\t\t\t<\/figcaption><\/figure>\n","protected":false},"excerpt":{"rendered":"<p>M\u00d3DULO PAINEL DO CLIENTE Prospects interagindo diretamente com a sua equipe. Este \u00e9 um ambiente desenvolvido para os clientes da Ag\u00eancia. Nele \u00e9 feito o acompanhamento das tarefas executadas, aprova\u00e7\u00e3o de pe\u00e7as desenvolvidas e envio de novas solicita\u00e7\u00f5es Ideal para os operadores: Clientes Prospects Integra\u00e7\u00f5es M\u00f3dulo de Projetos:\u00a0As tarefas e as pe\u00e7as liberadas pelo atendimento [&hellip;]<\/p>\n","protected":false},"author":1,"featured_media":0,"parent":0,"menu_order":0,"comment_status":"closed","ping_status":"closed","template":"elementor_header_footer","meta":[],"_links":{"self":[{"href":"https:\/\/www.pauta.me\/novo\/wp-json\/wp\/v2\/pages\/911"}],"collection":[{"href":"https:\/\/www.pauta.me\/novo\/wp-json\/wp\/v2\/pages"}],"about":[{"href":"https:\/\/www.pauta.me\/novo\/wp-json\/wp\/v2\/types\/page"}],"author":[{"embeddable":true,"href":"https:\/\/www.pauta.me\/novo\/wp-json\/wp\/v2\/users\/1"}],"replies":[{"embeddable":true,"href":"https:\/\/www.pauta.me\/novo\/wp-json\/wp\/v2\/comments?post=911"}],"version-history":[{"count":35,"href":"https:\/\/www.pauta.me\/novo\/wp-json\/wp\/v2\/pages\/911\/revisions"}],"predecessor-version":[{"id":1375,"href":"https:\/\/www.pauta.me\/novo\/wp-json\/wp\/v2\/pages\/911\/revisions\/1375"}],"wp:attachment":[{"href":"https:\/\/www.pauta.me\/novo\/wp-json\/wp\/v2\/media?parent=911"}],"curies":[{"name":"wp","href":"https:\/\/api.w.org\/{rel}","templated":true}]}}